{"id":14,"date":"2017-02-18T18:49:29","date_gmt":"2017-02-18T18:49:29","guid":{"rendered":"http:\/\/zenaevoluce.cz\/test\/?page_id=14"},"modified":"2022-09-30T09:36:29","modified_gmt":"2022-09-30T09:36:29","slug":"psychoterapie","status":"publish","type":"page","link":"https:\/\/zenaevoluce.cz\/?page_id=14","title":{"rendered":"Psychoterapie"},"content":{"rendered":"<ul>\n<li>rozvoj jedince na z\u00e1klad\u011b vn\u00edm\u00e1n\u00ed a p\u0159ij\u00edm\u00e1n\u00ed vlastn\u00edch zdroj\u016f k uspokojen\u00ed sv\u00fdch \u017eivotn\u00edch pot\u0159eb v harmonii a v komfortu se sv\u00fdm vni\u0159n\u00edm j\u00e1 te\u010f a tady<\/li>\n<li>psychoterapie zam\u011b\u0159en\u00e1 na t\u011blo &#8211; biodynamika<\/li>\n<li>porozum\u011bn\u00ed a p\u0159ijet\u00ed existencion\u00e1ln\u00edch traumat<\/li>\n<li>zvl\u00e1d\u00e1n\u00ed krizov\u00fdch situac\u00ed<\/li>\n<li>vn\u00edm\u00e1n\u00ed a p\u0159ijet\u00ed vlastn\u00ed sexu\u00e1ln\u00ed energie \u2013 zdroj \u017eivota<\/li>\n<li>podpora p\u0159irozen\u00e9ho po\u010det\u00ed a t\u011bhotenstv\u00ed<\/li>\n<li>komplexn\u00ed pohled na sni\u017eov\u00e1n\u00ed nadv\u00e1hy &#8211; t\u011blo, mysl a v\u011bdom\u00ed<\/li>\n<\/ul>\n","protected":false},"excerpt":{"rendered":"<p>rozvoj jedince na z\u00e1klad\u011b vn\u00edm\u00e1n\u00ed a p\u0159ij\u00edm\u00e1n\u00ed vlastn\u00edch zdroj\u016f k uspokojen\u00ed sv\u00fdch \u017eivotn\u00edch pot\u0159eb v harmonii a v komfortu se sv\u00fdm vni\u0159n\u00edm j\u00e1 te\u010f a tady psychoterapie zam\u011b\u0159en\u00e1 na t\u011blo &#8211; biodynamika porozum\u011bn\u00ed a p\u0159ijet\u00ed existencion\u00e1ln\u00edch traumat zvl\u00e1d\u00e1n\u00ed krizov\u00fdch situac\u00ed vn\u00edm\u00e1n\u00ed a p\u0159ijet\u00ed vlastn\u00ed sexu\u00e1ln\u00ed energie \u2013 zdroj \u017eivota podpora [&hellip;]<\/p>\n","protected":false},"author":1,"featured_media":0,"parent":0,"menu_order":0,"comment_status":"closed","ping_status":"closed","template":"","meta":[],"_links":{"self":[{"href":"https:\/\/zenaevoluce.cz\/index.php?rest_route=\/wp\/v2\/pages\/14"}],"collection":[{"href":"https:\/\/zenaevoluce.cz\/index.php?rest_route=\/wp\/v2\/pages"}],"about":[{"href":"https:\/\/zenaevoluce.cz\/index.php?rest_route=\/wp\/v2\/types\/page"}],"author":[{"embeddable":true,"href":"https:\/\/zenaevoluce.cz\/index.php?rest_route=\/wp\/v2\/users\/1"}],"replies":[{"embeddable":true,"href":"https:\/\/zenaevoluce.cz\/index.php?rest_route=%2Fwp%2Fv2%2Fcomments&post=14"}],"version-history":[{"count":5,"href":"https:\/\/zenaevoluce.cz\/index.php?rest_route=\/wp\/v2\/pages\/14\/revisions"}],"predecessor-version":[{"id":210,"href":"https:\/\/zenaevoluce.cz\/index.php?rest_route=\/wp\/v2\/pages\/14\/revisions\/210"}],"wp:attachment":[{"href":"https:\/\/zenaevoluce.cz\/index.php?rest_route=%2Fwp%2Fv2%2Fmedia&parent=14"}],"curies":[{"name":"wp","href":"https:\/\/api.w.org\/{rel}","templated":true}]}}